{"id":65,"date":"2015-09-14T20:44:59","date_gmt":"2015-09-14T20:44:59","guid":{"rendered":"http:\/\/neu.rammenauerinsektenschutzgitter.de\/?page_id=65"},"modified":"2015-09-25T14:31:43","modified_gmt":"2015-09-25T14:31:43","slug":"politec","status":"publish","type":"page","link":"https:\/\/rammenauerinsektenschutzgitter.de\/?page_id=65","title":{"rendered":"Polltec"},"content":{"rendered":"<p><a href=\"http:\/\/www.polltec.de\/pollenschutz\/polltec.html\" target=\"_blank\"><img loading=\"lazy\" width=\"300\" height=\"139\" class=\"alignnone size-medium wp-image-141\" style=\"height: 190px; width: 408px;\" src=\"http:\/\/neu.rammenauerinsektenschutzgitter.de\/wp-content\/uploads\/2015\/09\/Polltec_04-300x139.jpg\" alt=\"Polltec_04\" srcset=\"https:\/\/rammenauerinsektenschutzgitter.de\/wp-content\/uploads\/2015\/09\/Polltec_04-300x139.jpg 300w, https:\/\/rammenauerinsektenschutzgitter.de\/wp-content\/uploads\/2015\/09\/Polltec_04.jpg 1024w\" sizes=\"(max-width: 300px) 100vw, 300px\" \/><\/a><a href=\"http:\/\/www.polltec.de\/\" target=\"_blank\"><img loading=\"lazy\" width=\"300\" height=\"149\" class=\"alignnone size-medium wp-image-144\" style=\"height: 192px; width: 383px;\" src=\"http:\/\/neu.rammenauerinsektenschutzgitter.de\/wp-content\/uploads\/2015\/09\/Polltec_Logo-300x149.jpg\" alt=\"Polltec_Logo\" srcset=\"https:\/\/rammenauerinsektenschutzgitter.de\/wp-content\/uploads\/2015\/09\/Polltec_Logo-300x149.jpg 300w, https:\/\/rammenauerinsektenschutzgitter.de\/wp-content\/uploads\/2015\/09\/Polltec_Logo.jpg 500w\" sizes=\"(max-width: 300px) 100vw, 300px\" \/><\/a><\/p>\n<p><strong>NEHER<\/strong> hat mit dem <a href=\"http:\/\/www.polltec.de\/fileadmin\/data\/neher.de\/Dokumente\/Neher_Flyer-Polltec.pdf\" target=\"_blank\"><strong>Pollenschutz-System Polltec<\/strong><\/a> die L\u00f6sung f\u00fcr gepeinigte Allergiker: Innovatives Schutzgewebe mit Spezialbeschichtung, die die Pollen \u201eanzieht\u201c.<\/p>\n<ul>\n<li>ECARF-Qualit\u00e4tssiegel f\u00fcr gepr\u00fcfte Schutzwirkung:<\/li>\n<li>99 % gegen Gr\u00e4ser- und Birkenpollen<\/li>\n<li>90 % gegen die besonders kleinen Ambrosia- und Brennesselpollen<\/li>\n<li>Stark verbesserte Luftdurchl\u00e4ssigkeit:<\/li>\n<li>Bis zu 300 % besser im Vergleich zu herk\u00f6mmlichen Pollenschutzgeweben bei Windst\u00e4rke 1 (0,3 \u2013 1,6 m\/s).<\/li>\n<li>Gute Durchsicht durch innovatives Maschenkonzept<\/li>\n<li>Ganzj\u00e4hrig nutzbar als kombiniertes Pollen- und Insektenschutzgitter \u2013 die Widerstandsf\u00e4higkeit, UV-Best\u00e4ndigkeit und der verbesserte Licht- und Luftdurchlass sorgen daf\u00fcr, dass das Gewebe ganzj\u00e4hrig nutzbar ist.<\/li>\n<li>Elastisch, robust, witterungsbest\u00e4ndig.<\/li>\n<li>Leicht zu reinigen: Durch die sehr glatte Oberfl\u00e4che des Gewebes w\u00e4scht der Regen bereits die meisten Pollen wieder ab. Man kann das Gewebe aber auch sehr schnell und leicht selbst reinigen: einfach unter flie\u00dfendem Wasser absp\u00fclen und mit einem fusselfreien Tuch trocken tupfen.<\/li>\n<\/ul>\n<p><strong>So wirkt Polltec<\/strong><\/p>\n<p>Im Gegensatz zu den \u00fcblichen, luft- und lichtblockierenden engmaschigen Geweben besitzt <strong>Polltec<\/strong> eine l\u00e4ngliche Masche, die auch an der schmalen Seite deutlich gr\u00f6\u00dfer ist als eine Polle.<\/p>\n<p><a href=\"http:\/\/neu.rammenauerinsektenschutzgitter.de\/wp-content\/uploads\/2015\/09\/Polltec_01.jpg\"><img loading=\"lazy\" width=\"300\" height=\"174\" class=\"alignnone size-medium wp-image-143\" style=\"height: 305px; width: 525px;\" src=\"http:\/\/neu.rammenauerinsektenschutzgitter.de\/wp-content\/uploads\/2015\/09\/Polltec_01-300x174.jpg\" alt=\"Polltec_01\" srcset=\"https:\/\/rammenauerinsektenschutzgitter.de\/wp-content\/uploads\/2015\/09\/Polltec_01-300x174.jpg 300w, https:\/\/rammenauerinsektenschutzgitter.de\/wp-content\/uploads\/2015\/09\/Polltec_01.jpg 800w\" sizes=\"(max-width: 300px) 100vw, 300px\" \/><\/a><a href=\"http:\/\/neu.rammenauerinsektenschutzgitter.de\/wp-content\/uploads\/2015\/09\/Polltec_07.jpg\"><img loading=\"lazy\" width=\"242\" height=\"300\" class=\"alignnone size-medium wp-image-150\" style=\"height: 309px; width: 250px;\" src=\"http:\/\/neu.rammenauerinsektenschutzgitter.de\/wp-content\/uploads\/2015\/09\/Polltec_07-242x300.jpg\" alt=\"Polltec_07\" srcset=\"https:\/\/rammenauerinsektenschutzgitter.de\/wp-content\/uploads\/2015\/09\/Polltec_07-242x300.jpg 242w, https:\/\/rammenauerinsektenschutzgitter.de\/wp-content\/uploads\/2015\/09\/Polltec_07.jpg 527w\" sizes=\"(max-width: 242px) 100vw, 242px\" \/><\/a><\/p>\n<p>Dadurch kommt sehr viel mehr Luft und Licht durch das Gewebe. Trotzdem bleiben die Pollen am Gewebe h\u00e4ngen. Daf\u00fcr ist die Spezialbeschichtung des Polyestergewebes verantwortlich, die die Pollen quasi anzieht und dort festh\u00e4lt. Die Funktionszeichnung oben zeigt einen Gewebeausschnitt in der Aussenansicht.<\/p>\n<p><strong>Vergleichen Sie selbst<\/strong><\/p>\n<p>Bisherige Pollenschutzgewebe haben ihre Schw\u00e4che in der mangelnden Durchsicht, ausserdem ist der Luftdurchlass sehr stark eingeschr\u00e4nkt. Sie sind nur begrenzt haltbar und nicht f\u00fcr dauerhafte, ganzj\u00e4hrige Nutzung geeignet. <strong>Polltec<\/strong> \u00fcberzeugt durch wesentlich verbesserte Luft- und Lichtdurchl\u00e4ssigkeit sowie l\u00e4ngere Haltbarkeit.<\/p>\n<p><a href=\"http:\/\/neu.rammenauerinsektenschutzgitter.de\/wp-content\/uploads\/2015\/09\/Polltec_03.jpg\"><img loading=\"lazy\" width=\"300\" height=\"204\" class=\"alignnone size-medium wp-image-142\" style=\"height: 265px; width: 388px;\" src=\"http:\/\/neu.rammenauerinsektenschutzgitter.de\/wp-content\/uploads\/2015\/09\/Polltec_03-300x204.jpg\" alt=\"Polltec_03\" srcset=\"https:\/\/rammenauerinsektenschutzgitter.de\/wp-content\/uploads\/2015\/09\/Polltec_03-300x204.jpg 300w, https:\/\/rammenauerinsektenschutzgitter.de\/wp-content\/uploads\/2015\/09\/Polltec_03.jpg 800w\" sizes=\"(max-width: 300px) 100vw, 300px\" \/><\/a><a href=\"http:\/\/neu.rammenauerinsektenschutzgitter.de\/wp-content\/uploads\/2015\/09\/Polltec_05.jpg\"><img loading=\"lazy\" width=\"300\" height=\"174\" class=\"alignnone size-medium wp-image-151\" style=\"height: 264px; width: 454px;\" src=\"http:\/\/neu.rammenauerinsektenschutzgitter.de\/wp-content\/uploads\/2015\/09\/Polltec_05-300x174.jpg\" alt=\"Polltec_05\" srcset=\"https:\/\/rammenauerinsektenschutzgitter.de\/wp-content\/uploads\/2015\/09\/Polltec_05-300x174.jpg 300w, https:\/\/rammenauerinsektenschutzgitter.de\/wp-content\/uploads\/2015\/09\/Polltec_05.jpg 817w\" sizes=\"(max-width: 300px) 100vw, 300px\" \/><\/a><\/p>\n<p>Die hohe <strong>Wirksamkeit<\/strong> des <strong>Polltec-Systems<\/strong> konnte in aufw\u00e4ndigen wissenschaftlichen Versuchsreihen belegt werden. Den <strong>Pr\u00fcfbericht<\/strong> zur <strong>Wirksamkeit<\/strong> des <strong>Polltec-Gewebes<\/strong> vom <strong>Allergie-Centrum-Charit\u00e9<\/strong> in <strong>Berlin<\/strong> gibt es als <a href=\"http:\/\/www.polltec.de\/pollenschutz\/gepruefte-wirksamkeit.html\" target=\"_blank\"><strong>Download<\/strong>.<\/a><\/p>\n<p><a href=\"http:\/\/neu.rammenauerinsektenschutzgitter.de\/wp-content\/uploads\/2015\/09\/Polltec_06.jpg\"><img loading=\"lazy\" width=\"300\" height=\"184\" class=\"alignnone size-medium wp-image-152\" style=\"height: 321px; width: 522px;\" src=\"http:\/\/neu.rammenauerinsektenschutzgitter.de\/wp-content\/uploads\/2015\/09\/Polltec_06-300x184.jpg\" alt=\"Polltec_06\" srcset=\"https:\/\/rammenauerinsektenschutzgitter.de\/wp-content\/uploads\/2015\/09\/Polltec_06-300x184.jpg 300w, https:\/\/rammenauerinsektenschutzgitter.de\/wp-content\/uploads\/2015\/09\/Polltec_06.jpg 701w\" sizes=\"(max-width: 300px) 100vw, 300px\" \/><\/a><a href=\"http:\/\/neu.rammenauerinsektenschutzgitter.de\/wp-content\/uploads\/2015\/09\/ECARF-Logo.jpg\"><img loading=\"lazy\" width=\"300\" height=\"300\" class=\"alignnone size-medium wp-image-116\" style=\"height: 321px; width: 321px;\" src=\"http:\/\/neu.rammenauerinsektenschutzgitter.de\/wp-content\/uploads\/2015\/09\/ECARF-Logo-300x300.jpg\" alt=\"siegel_neue Vorlage\" srcset=\"https:\/\/rammenauerinsektenschutzgitter.de\/wp-content\/uploads\/2015\/09\/ECARF-Logo-300x300.jpg 300w, https:\/\/rammenauerinsektenschutzgitter.de\/wp-content\/uploads\/2015\/09\/ECARF-Logo-150x150.jpg 150w, https:\/\/rammenauerinsektenschutzgitter.de\/wp-content\/uploads\/2015\/09\/ECARF-Logo-590x590.jpg 590w, https:\/\/rammenauerinsektenschutzgitter.de\/wp-content\/uploads\/2015\/09\/ECARF-Logo.jpg 591w\" sizes=\"(max-width: 300px) 100vw, 300px\" \/><\/a><\/p>\n<p>&nbsp;<\/p>\n","protected":false},"excerpt":{"rendered":"<p>NEHER hat mit dem Pollenschutz-System Polltec die L\u00f6sung f\u00fcr gepeinigte Allergiker: Innovatives Schutzgewebe mit Spezialbeschichtung, die die Pollen \u201eanzieht\u201c. ECARF-Qualit\u00e4tssiegel f\u00fcr gepr\u00fcfte Schutzwirkung: 99 % gegen Gr\u00e4ser- und Birkenpollen 90 % gegen die besonders kleinen Ambrosia- und Brennesselpollen Stark verbesserte Luftdurchl\u00e4ssigkeit: Bis zu 300 % besser im Vergleich zu herk\u00f6mmlichen Pollenschutzgeweben bei Windst\u00e4rke 1 (0,3 [&hellip;]<\/p>\n","protected":false},"author":1,"featured_media":324,"parent":0,"menu_order":0,"comment_status":"closed","ping_status":"closed","template":"","meta":[],"yoast_head":"<!-- This site is optimized with the Yoast SEO plugin v19.8 - https:\/\/yoast.com\/wordpress\/plugins\/seo\/ -->\n<title>Polltec - Rammenauer Insektenschutz-Gitter (RISG.eu)<\/title>\n<meta name=\"robots\" content=\"index, follow, max-snippet:-1, max-image-preview:large, max-video-preview:-1\" \/>\n<link rel=\"canonical\" href=\"https:\/\/rammenauerinsektenschutzgitter.de\/?page_id=65\" \/>\n<meta property=\"og:locale\" content=\"de_DE\" \/>\n<meta property=\"og:type\" content=\"article\" \/>\n<meta property=\"og:title\" content=\"Polltec - Rammenauer Insektenschutz-Gitter (RISG.eu)\" \/>\n<meta property=\"og:description\" content=\"NEHER hat mit dem Pollenschutz-System Polltec die L\u00f6sung f\u00fcr gepeinigte Allergiker: Innovatives Schutzgewebe mit Spezialbeschichtung, die die Pollen \u201eanzieht\u201c. ECARF-Qualit\u00e4tssiegel f\u00fcr gepr\u00fcfte Schutzwirkung: 99 % gegen Gr\u00e4ser- und Birkenpollen 90 % gegen die besonders kleinen Ambrosia- und Brennesselpollen Stark verbesserte Luftdurchl\u00e4ssigkeit: Bis zu 300 % besser im Vergleich zu herk\u00f6mmlichen Pollenschutzgeweben bei Windst\u00e4rke 1 (0,3 [&hellip;]\" \/>\n<meta property=\"og:url\" content=\"https:\/\/rammenauerinsektenschutzgitter.de\/?page_id=65\" \/>\n<meta property=\"og:site_name\" content=\"Rammenauer Insektenschutz-Gitter (RISG.eu)\" \/>\n<meta property=\"article:modified_time\" content=\"2015-09-25T14:31:43+00:00\" \/>\n<meta property=\"og:image\" content=\"https:\/\/rammenauerinsektenschutzgitter.de\/wp-content\/uploads\/2015\/09\/Rollo.jpeg\" \/>\n\t<meta property=\"og:image:width\" content=\"2081\" \/>\n\t<meta property=\"og:image:height\" content=\"574\" \/>\n\t<meta property=\"og:image:type\" content=\"image\/jpeg\" \/>\n<meta name=\"twitter:card\" content=\"summary_large_image\" \/>\n<meta name=\"twitter:label1\" content=\"Gesch\u00e4tzte Lesezeit\" \/>\n\t<meta name=\"twitter:data1\" content=\"1\u00a0Minute\" \/>\n<script type=\"application\/ld+json\" class=\"yoast-schema-graph\">{\"@context\":\"https:\/\/schema.org\",\"@graph\":[{\"@type\":\"WebPage\",\"@id\":\"https:\/\/rammenauerinsektenschutzgitter.de\/?page_id=65\",\"url\":\"https:\/\/rammenauerinsektenschutzgitter.de\/?page_id=65\",\"name\":\"Polltec - Rammenauer Insektenschutz-Gitter (RISG.eu)\",\"isPartOf\":{\"@id\":\"https:\/\/rammenauerinsektenschutzgitter.de\/#website\"},\"datePublished\":\"2015-09-14T20:44:59+00:00\",\"dateModified\":\"2015-09-25T14:31:43+00:00\",\"breadcrumb\":{\"@id\":\"https:\/\/rammenauerinsektenschutzgitter.de\/?page_id=65#breadcrumb\"},\"inLanguage\":\"de\",\"potentialAction\":[{\"@type\":\"ReadAction\",\"target\":[\"https:\/\/rammenauerinsektenschutzgitter.de\/?page_id=65\"]}]},{\"@type\":\"BreadcrumbList\",\"@id\":\"https:\/\/rammenauerinsektenschutzgitter.de\/?page_id=65#breadcrumb\",\"itemListElement\":[{\"@type\":\"ListItem\",\"position\":1,\"name\":\"Home\",\"item\":\"https:\/\/rammenauerinsektenschutzgitter.de\/\"},{\"@type\":\"ListItem\",\"position\":2,\"name\":\"Polltec\"}]},{\"@type\":\"WebSite\",\"@id\":\"https:\/\/rammenauerinsektenschutzgitter.de\/#website\",\"url\":\"https:\/\/rammenauerinsektenschutzgitter.de\/\",\"name\":\"Rammenauer Insektenschutz-Gitter (RISG.eu)\",\"description\":\"M\u00fccken m\u00fcssen drau\u00dfen bleiben!\",\"potentialAction\":[{\"@type\":\"SearchAction\",\"target\":{\"@type\":\"EntryPoint\",\"urlTemplate\":\"https:\/\/rammenauerinsektenschutzgitter.de\/?s={search_term_string}\"},\"query-input\":\"required name=search_term_string\"}],\"inLanguage\":\"de\"}]}<\/script>\n<!-- \/ Yoast SEO plugin. -->","yoast_head_json":{"title":"Polltec - Rammenauer Insektenschutz-Gitter (RISG.eu)","robots":{"index":"index","follow":"follow","max-snippet":"max-snippet:-1","max-image-preview":"max-image-preview:large","max-video-preview":"max-video-preview:-1"},"canonical":"https:\/\/rammenauerinsektenschutzgitter.de\/?page_id=65","og_locale":"de_DE","og_type":"article","og_title":"Polltec - Rammenauer Insektenschutz-Gitter (RISG.eu)","og_description":"NEHER hat mit dem Pollenschutz-System Polltec die L\u00f6sung f\u00fcr gepeinigte Allergiker: Innovatives Schutzgewebe mit Spezialbeschichtung, die die Pollen \u201eanzieht\u201c. ECARF-Qualit\u00e4tssiegel f\u00fcr gepr\u00fcfte Schutzwirkung: 99 % gegen Gr\u00e4ser- und Birkenpollen 90 % gegen die besonders kleinen Ambrosia- und Brennesselpollen Stark verbesserte Luftdurchl\u00e4ssigkeit: Bis zu 300 % besser im Vergleich zu herk\u00f6mmlichen Pollenschutzgeweben bei Windst\u00e4rke 1 (0,3 [&hellip;]","og_url":"https:\/\/rammenauerinsektenschutzgitter.de\/?page_id=65","og_site_name":"Rammenauer Insektenschutz-Gitter (RISG.eu)","article_modified_time":"2015-09-25T14:31:43+00:00","og_image":[{"width":2081,"height":574,"url":"https:\/\/rammenauerinsektenschutzgitter.de\/wp-content\/uploads\/2015\/09\/Rollo.jpeg","type":"image\/jpeg"}],"twitter_card":"summary_large_image","twitter_misc":{"Gesch\u00e4tzte Lesezeit":"1\u00a0Minute"},"schema":{"@context":"https:\/\/schema.org","@graph":[{"@type":"WebPage","@id":"https:\/\/rammenauerinsektenschutzgitter.de\/?page_id=65","url":"https:\/\/rammenauerinsektenschutzgitter.de\/?page_id=65","name":"Polltec - Rammenauer Insektenschutz-Gitter (RISG.eu)","isPartOf":{"@id":"https:\/\/rammenauerinsektenschutzgitter.de\/#website"},"datePublished":"2015-09-14T20:44:59+00:00","dateModified":"2015-09-25T14:31:43+00:00","breadcrumb":{"@id":"https:\/\/rammenauerinsektenschutzgitter.de\/?page_id=65#breadcrumb"},"inLanguage":"de","potentialAction":[{"@type":"ReadAction","target":["https:\/\/rammenauerinsektenschutzgitter.de\/?page_id=65"]}]},{"@type":"BreadcrumbList","@id":"https:\/\/rammenauerinsektenschutzgitter.de\/?page_id=65#breadcrumb","itemListElement":[{"@type":"ListItem","position":1,"name":"Home","item":"https:\/\/rammenauerinsektenschutzgitter.de\/"},{"@type":"ListItem","position":2,"name":"Polltec"}]},{"@type":"WebSite","@id":"https:\/\/rammenauerinsektenschutzgitter.de\/#website","url":"https:\/\/rammenauerinsektenschutzgitter.de\/","name":"Rammenauer Insektenschutz-Gitter (RISG.eu)","description":"M\u00fccken m\u00fcssen drau\u00dfen bleiben!","potentialAction":[{"@type":"SearchAction","target":{"@type":"EntryPoint","urlTemplate":"https:\/\/rammenauerinsektenschutzgitter.de\/?s={search_term_string}"},"query-input":"required name=search_term_string"}],"inLanguage":"de"}]}},"_links":{"self":[{"href":"https:\/\/rammenauerinsektenschutzgitter.de\/index.php?rest_route=\/wp\/v2\/pages\/65"}],"collection":[{"href":"https:\/\/rammenauerinsektenschutzgitter.de\/index.php?rest_route=\/wp\/v2\/pages"}],"about":[{"href":"https:\/\/rammenauerinsektenschutzgitter.de\/index.php?rest_route=\/wp\/v2\/types\/page"}],"author":[{"embeddable":true,"href":"https:\/\/rammenauerinsektenschutzgitter.de\/index.php?rest_route=\/wp\/v2\/users\/1"}],"replies":[{"embeddable":true,"href":"https:\/\/rammenauerinsektenschutzgitter.de\/index.php?rest_route=%2Fwp%2Fv2%2Fcomments&post=65"}],"version-history":[{"count":10,"href":"https:\/\/rammenauerinsektenschutzgitter.de\/index.php?rest_route=\/wp\/v2\/pages\/65\/revisions"}],"predecessor-version":[{"id":331,"href":"https:\/\/rammenauerinsektenschutzgitter.de\/index.php?rest_route=\/wp\/v2\/pages\/65\/revisions\/331"}],"wp:featuredmedia":[{"embeddable":true,"href":"https:\/\/rammenauerinsektenschutzgitter.de\/index.php?rest_route=\/wp\/v2\/media\/324"}],"wp:attachment":[{"href":"https:\/\/rammenauerinsektenschutzgitter.de\/index.php?rest_route=%2Fwp%2Fv2%2Fmedia&parent=65"}],"curies":[{"name":"wp","href":"https:\/\/api.w.org\/{rel}","templated":true}]}}